{"id":354,"date":"2022-05-04T07:18:19","date_gmt":"2022-05-04T07:18:19","guid":{"rendered":"http:\/\/danielolmedophotographer.com\/home\/"},"modified":"2026-03-06T00:20:19","modified_gmt":"2026-03-06T00:20:19","slug":"home","status":"publish","type":"page","link":"https:\/\/danielolmedophotographer.com\/es\/","title":{"rendered":"Cancun Wedding and Family photographer : Hire now"},"content":{"rendered":"<div class=\"wp-block-uagb-container uagb-block-35bd4a95 default uagb-is-root-container\">\n<div class=\"wp-block-uagb-container uagb-block-2fe53a72\">\n<div class=\"wp-block-uagb-info-box uagb-block-d835da9d uagb-infobox__content-wrap  uagb-infobox-icon-above-title uagb-infobox-image-valign-top\"><div class=\"uagb-ifb-content\"><div class=\"uagb-ifb-title-wrap\"><h1 class=\"uagb-ifb-title\">Boda de destino &amp; <br>Fotograf\u00eda de familia<\/h1><\/div><p class=\"uagb-ifb-desc\"><strong>\u00a1Captura tus momentos y crea recuerdos para toda la vida!<\/strong><\/p><\/div><\/div>\n\n\n\n<div class=\"wp-block-uagb-buttons uagb-buttons__outer-wrap uagb-btn__default-btn uagb-btn-tablet__default-btn uagb-btn-mobile__default-btn uagb-block-127f0f67\"><div class=\"uagb-buttons__wrap uagb-buttons-layout-wrap\">\n<div class=\"wp-block-uagb-buttons-child uagb-buttons__outer-wrap uagb-block-230b65be wp-block-button\"><div class=\"uagb-button__wrapper\"><a class=\"uagb-buttons-repeater wp-block-button__link\" aria-label=\"\" href=\"https:\/\/danielolmedophotographer.com\/es\/portfolio\/\" rel=\"follow noopener\" target=\"_self\" role=\"button\"><div class=\"uagb-button__link\">Mi trabajo<\/div><\/a><\/div><\/div>\n\n\n\n<div class=\"wp-block-uagb-buttons-child uagb-buttons__outer-wrap uagb-block-aa630a56 wp-block-button\"><div class=\"uagb-button__wrapper\"><a class=\"uagb-buttons-repeater wp-block-button__link\" aria-label=\"\" href=\"#about\" rel=\"follow noopener\" target=\"_self\" role=\"button\"><div class=\"uagb-button__link\">Sobre mi<\/div><\/a><\/div><\/div>\n<\/div><\/div>\n<\/div>\n\n\n\n<div class=\"wp-block-uagb-container uagb-block-3451b6ab\">\n<ul class=\"wp-block-social-links has-icon-color is-style-logos-only is-vertical is-content-justification-right is-layout-flex wp-container-core-social-links-is-layout-c0d519fa wp-block-social-links-is-layout-flex\"><li style=\"color: #ffffff; \" class=\"wp-social-link wp-social-link-facebook has-white-color wp-block-social-link\"><a rel=\"noopener nofollow\" target=\"_blank\" href=\"https:\/\/m.facebook.com\/danielolmedophoto\" class=\"wp-block-social-link-anchor\"><svg width=\"24\" height=\"24\" viewbox=\"0 0 24 24\" version=\"1.1\" xmlns=\"http:\/\/www.w3.org\/2000\/svg\" aria-hidden=\"true\" focusable=\"false\"><path d=\"M12 2C6.5 2 2 6.5 2 12c0 5 3.7 9.1 8.4 9.9v-7H7.9V12h2.5V9.8c0-2.5 1.5-3.9 3.8-3.9 1.1 0 2.2.2 2.2.2v2.5h-1.3c-1.2 0-1.6.8-1.6 1.6V12h2.8l-.4 2.9h-2.3v7C18.3 21.1 22 17 22 12c0-5.5-4.5-10-10-10z\"><\/path><\/svg><span class=\"wp-block-social-link-label screen-reader-text\">Facebook<\/span><\/a><\/li>\n\n<li style=\"color: #ffffff; \" class=\"wp-social-link wp-social-link-x has-white-color wp-block-social-link\"><a rel=\"noopener nofollow\" target=\"_blank\" href=\"https:\/\/twitter.com\/danielolmedo66\" class=\"wp-block-social-link-anchor\"><svg width=\"24\" height=\"24\" viewbox=\"0 0 24 24\" version=\"1.1\" xmlns=\"http:\/\/www.w3.org\/2000\/svg\" aria-hidden=\"true\" focusable=\"false\"><path d=\"M13.982 10.622 20.54 3h-1.554l-5.693 6.618L8.745 3H3.5l6.876 10.007L3.5 21h1.554l6.012-6.989L15.868 21h5.245l-7.131-10.378Zm-2.128 2.474-.697-.997-5.543-7.93H8l4.474 6.4.697.996 5.815 8.318h-2.387l-4.745-6.787Z\" \/><\/svg><span class=\"wp-block-social-link-label screen-reader-text\">X<\/span><\/a><\/li>\n\n<li style=\"color: #ffffff; \" class=\"wp-social-link wp-social-link-whatsapp has-white-color wp-block-social-link\"><a rel=\"noopener nofollow\" target=\"_blank\" href=\"https:\/\/api.whatsapp.com\/send?phone=5219933186971\" class=\"wp-block-social-link-anchor\"><svg width=\"24\" height=\"24\" viewbox=\"0 0 24 24\" version=\"1.1\" xmlns=\"http:\/\/www.w3.org\/2000\/svg\" aria-hidden=\"true\" focusable=\"false\"><path d=\"M 12.011719 2 C 6.5057187 2 2.0234844 6.478375 2.0214844 11.984375 C 2.0204844 13.744375 2.4814687 15.462563 3.3554688 16.976562 L 2 22 L 7.2324219 20.763672 C 8.6914219 21.559672 10.333859 21.977516 12.005859 21.978516 L 12.009766 21.978516 C 17.514766 21.978516 21.995047 17.499141 21.998047 11.994141 C 22.000047 9.3251406 20.962172 6.8157344 19.076172 4.9277344 C 17.190172 3.0407344 14.683719 2.001 12.011719 2 z M 12.009766 4 C 14.145766 4.001 16.153109 4.8337969 17.662109 6.3417969 C 19.171109 7.8517969 20.000047 9.8581875 19.998047 11.992188 C 19.996047 16.396187 16.413812 19.978516 12.007812 19.978516 C 10.674812 19.977516 9.3544062 19.642812 8.1914062 19.007812 L 7.5175781 18.640625 L 6.7734375 18.816406 L 4.8046875 19.28125 L 5.2851562 17.496094 L 5.5019531 16.695312 L 5.0878906 15.976562 C 4.3898906 14.768562 4.0204844 13.387375 4.0214844 11.984375 C 4.0234844 7.582375 7.6067656 4 12.009766 4 z M 8.4765625 7.375 C 8.3095625 7.375 8.0395469 7.4375 7.8105469 7.6875 C 7.5815469 7.9365 6.9355469 8.5395781 6.9355469 9.7675781 C 6.9355469 10.995578 7.8300781 12.182609 7.9550781 12.349609 C 8.0790781 12.515609 9.68175 15.115234 12.21875 16.115234 C 14.32675 16.946234 14.754891 16.782234 15.212891 16.740234 C 15.670891 16.699234 16.690438 16.137687 16.898438 15.554688 C 17.106437 14.971687 17.106922 14.470187 17.044922 14.367188 C 16.982922 14.263188 16.816406 14.201172 16.566406 14.076172 C 16.317406 13.951172 15.090328 13.348625 14.861328 13.265625 C 14.632328 13.182625 14.464828 13.140625 14.298828 13.390625 C 14.132828 13.640625 13.655766 14.201187 13.509766 14.367188 C 13.363766 14.534188 13.21875 14.556641 12.96875 14.431641 C 12.71875 14.305641 11.914938 14.041406 10.960938 13.191406 C 10.218937 12.530406 9.7182656 11.714844 9.5722656 11.464844 C 9.4272656 11.215844 9.5585938 11.079078 9.6835938 10.955078 C 9.7955938 10.843078 9.9316406 10.663578 10.056641 10.517578 C 10.180641 10.371578 10.223641 10.267562 10.306641 10.101562 C 10.389641 9.9355625 10.347156 9.7890625 10.285156 9.6640625 C 10.223156 9.5390625 9.737625 8.3065 9.515625 7.8125 C 9.328625 7.3975 9.131125 7.3878594 8.953125 7.3808594 C 8.808125 7.3748594 8.6425625 7.375 8.4765625 7.375 z\"><\/path><\/svg><span class=\"wp-block-social-link-label screen-reader-text\">WhatsApp<\/span><\/a><\/li><\/ul>\n<\/div>\n<\/div>\n\n\n\n<div class=\"wp-block-uagb-container uagb-block-a58e4b6d alignfull uagb-is-root-container\"><div class=\"uagb-container-inner-blocks-wrap\">\n<div class=\"wp-block-uagb-container uagb-block-18302c56\">\n<div class=\"wp-block-uagb-info-box uagb-block-698c0d75 uagb-infobox__content-wrap  uagb-infobox-icon-above-title uagb-infobox-image-valign-top\" id=\"about\"><div class=\"uagb-ifb-content\"><div class=\"uagb-ifb-title-wrap\"><h2 class=\"uagb-ifb-title\">Sobre mi<\/h2><\/div><div class=\"uagb-ifb-separator\"><\/div><p class=\"uagb-ifb-desc\">Hello! I&#8217;m Daniel, a passionate photographer based in the stunning locales of Cancun, Riviera Maya, and beyond., I bring a wealth of experience and a genuine love for capturing life&#8217;s most precious moments.<br><br><strong>Un viaje a trav\u00e9s de la fotograf\u00eda<\/strong><br><br>Mi viaje en el mundo de la fotograf\u00eda comenz\u00f3 hace una d\u00e9cada como un simple pasatiempo, pero r\u00e1pidamente se convirti\u00f3 en una b\u00fasqueda de perfecci\u00f3n que dur\u00f3 toda la vida. A lo largo de los a\u00f1os, me he dedicado a perfeccionar mi oficio, a buscar la orientaci\u00f3n de los l\u00edderes de la industria y a dominar el arte de capturar emociones genuinas. Especializada en fotograf\u00eda de retratos y bodas, me esfuerzo por ir m\u00e1s all\u00e1 de las meras im\u00e1genes, con el objetivo de congelar momentos que cuenten historias y evoquen emociones para las generaciones venideras.<br><br><strong>Tu momento, nuestra pasi\u00f3n<\/strong><br><br>Cada d\u00eda es una oportunidad de crecimiento y descubrimiento en mi trayectoria fotogr\u00e1fica. Me impulsa una curiosidad insaciable por aprender e innovar, siempre en busca de esa esquiva \u201cfoto perfecta\u201d que te dejar\u00e1 hechizado. M\u00e1s que un simple fot\u00f3grafo, me considero un narrador de historias, a quien se le ha encomendado la tarea de inmortalizar los momentos m\u00e1s preciados de tu vida.<br><br><strong>Servicios de fotograf\u00eda a medida<\/strong><br><br>Ubicado en la vibrante ciudad de Canc\u00fan durante los \u00faltimos ocho a\u00f1os y he tenido el privilegio de trabajar con clientes incre\u00edbles que se han convertido no solo en clientes, sino en queridos amigos. Mis servicios abarcan una amplia gama de ocasiones, incluidas sesiones de compromiso, bodas, retratos, reuniones familiares, sesiones de maternidad, sesiones de pareja, aniversarios e incluso las atrevidas sesiones de \u201ctrash the dress\u201d.<br><br><strong>Creemos recuerdos juntos<\/strong><br><br>Te invito a que emprendas un viaje conmigo para capturar tus momentos m\u00e1s hermosos con el impresionante tel\u00f3n de fondo de Canc\u00fan, la Riviera Maya, Playa del Carmen, Puerto Morelos, Tulum y m\u00e1s all\u00e1. Ya sea una celebraci\u00f3n alegre o un momento tranquilo de reflexi\u00f3n, me comprometo a crear recuerdos eternos que atesorar\u00e1s toda la vida.<br><br><strong>Reserva tu fecha hoy<\/strong><br><br>No dejes que tus momentos m\u00e1s preciados se escapen. Ponte en contacto conmigo hoy mismo para reservar tu lugar en mi calendario y hagamos realidad tu visi\u00f3n. Juntos, capturemos la esencia de tu historia en cada fotograma.<br>Daniel Olmedo<\/p><div class=\"uagb-ifb-button-wrapper wp-block-button\"><a href=\"https:\/\/danielolmedophotographer.com\/es\/contact\/\" class=\"uagb-infobox-cta-link wp-block-button__link\" target=\"_self\" rel=\"noopener noreferrer\" onclick=\"return true;\"><span class=\"uagb-inline-editing\">Reserva tu fecha<\/span><\/a><\/div><\/div><\/div>\n<\/div>\n<\/div><\/div>\n\n\n\n<div class=\"wp-block-uagb-container uagb-block-c876e5de alignfull uagb-is-root-container\"><div class=\"uagb-container-inner-blocks-wrap\">\n<div class=\"wp-block-uagb-container uagb-block-5fe51744\">\n<div class=\"wp-block-uagb-advanced-heading uagb-block-7c902c64\"><h3 class=\"uagb-heading-text\">Testimonio de un CLIENTE real<\/h3><p class=\"uagb-desc-text\">\u201cDaniel es muy profesional, creativo y puntual. Y un excelente ser humano.\u201d<\/p><\/div>\n\n\n\n<div class=\"wp-block-uagb-advanced-heading uagb-block-a67202d2\"><h5 class=\"uagb-heading-text\">\u2013 PABLO G.<\/h5><\/div>\n<\/div>\n<\/div><\/div>\n\n\n\n<div class=\"wp-block-uagb-container uagb-layout-flex uagb-block-2a509f8d default uagb-is-root-container\">\n<div class=\"wp-block-uagb-container uagb-block-63ad1298\">\n<div class=\"wp-block-uagb-container uagb-block-db23d5c9 alignfull uagb-is-root-container\"><div class=\"uagb-container-inner-blocks-wrap\">\n<div class=\"wp-block-uagb-container uagb-block-855bb684\">\n<div class=\"wp-block-uagb-advanced-heading uagb-block-7cd27e37\"><h6 class=\"uagb-heading-text\">ubicaciones<\/h6><\/div>\n\n\n\n<div class=\"wp-block-uagb-advanced-heading uagb-block-d0517901\"><h2 class=\"uagb-heading-text\">Conozco las mejores ubicaciones de la Riviera Maya<\/h2><\/div>\n<\/div>\n\n\n\n<div class=\"wp-block-uagb-container uagb-block-9c6eae65\">\n<div class=\"wp-block-uagb-buttons uagb-buttons__outer-wrap uagb-btn__default-btn uagb-btn-tablet__default-btn uagb-btn-mobile__default-btn uagb-block-1698ac16\"><div class=\"uagb-buttons__wrap uagb-buttons-layout-wrap\">\n<div class=\"wp-block-uagb-buttons-child uagb-buttons__outer-wrap uagb-block-fe597e81 wp-block-button\"><div class=\"uagb-button__wrapper\"><a class=\"uagb-buttons-repeater wp-block-button__link\" aria-label=\"\" href=\"https:\/\/danielolmedophotographer.com\/es\/contact\/\" rel=\"follow noopener\" target=\"_self\" role=\"button\"><div class=\"uagb-button__link\">Reserva tu lugar<\/div><\/a><\/div><\/div>\n<\/div><\/div>\n<\/div>\n<\/div><\/div>\n\n\n\n<div class=\"wp-block-uagb-container uagb-block-60628b26 alignfull uagb-is-root-container\"><div class=\"uagb-container-inner-blocks-wrap\">\n<div class=\"wp-block-uagb-advanced-heading uagb-block-3be8d6da\"><h2 class=\"uagb-heading-text\"><strong>Canc\u00fan<\/strong>  <\/h2><\/div>\n\n\n\n<div class=\"wp-block-uagb-advanced-heading uagb-block-7ca3134b\"><h2 class=\"uagb-heading-text\"><strong>Isla<\/strong> <strong>Mujeres<\/strong> <\/h2><\/div>\n\n\n\n<div class=\"wp-block-uagb-advanced-heading uagb-block-e30ab05f\"><h2 class=\"uagb-heading-text\"><strong>Puerto Morelos<\/strong>  <\/h2><\/div>\n\n\n\n<div class=\"wp-block-uagb-advanced-heading uagb-block-0c566ce3\"><h2 class=\"uagb-heading-text\"><strong>Playa del Carmen<\/strong>  <\/h2><\/div>\n\n\n\n<div class=\"wp-block-uagb-advanced-heading uagb-block-e6509378\"><h2 class=\"uagb-heading-text\"><strong>Cozumel<\/strong>  <\/h2><\/div>\n\n\n\n<div class=\"wp-block-uagb-advanced-heading uagb-block-80e2da66\"><h2 class=\"uagb-heading-text\"><strong>Tulum<\/strong><\/h2><\/div>\n<\/div><\/div>\n<\/div>\n<\/div>\n\n\n\n<div class=\"wp-block-uagb-container uagb-block-ac9864e7 alignfull uagb-is-root-container\">\n<div class=\"wp-block-uagb-advanced-heading uagb-block-62eed720\"><h6 class=\"uagb-heading-text\">Testimonios<\/h6><\/div>\n\n\n\n<div class=\"wp-block-uagb-advanced-heading uagb-block-23d18c62\"><h2 class=\"uagb-heading-text\">Lo que dicen mis clientes de m\u00ed<\/h2><\/div>\n\n\n\n<div class=\"wp-block-uagb-container uagb-block-84456b7d\">\n<div class=\"wp-block-uagb-container uagb-block-4e4f4245 alignfull uagb-is-root-container\"><div class=\"uagb-container-inner-blocks-wrap\">\n<div class=\"wp-block-uagb-image alignleft uagb-block-d87b9b36 wp-block-uagb-image--layout-default wp-block-uagb-image--effect-static wp-block-uagb-image--align-left uag-hide-mob\"><figure class=\"wp-block-uagb-image__figure\"><img decoding=\"async\" srcset=\"\" sizes=\"auto, (max-width: 480px) 150px\" src=\"https:\/\/danielolmedophotographer.com\/wp-content\/uploads\/2024\/04\/Screen-Shot-2024-04-27-at-4.17.10-PM.png\" alt=\"\" class=\"uag-image-2344\" width=\"120\" height=\"120\" title=\"Screen Shot 2024-04-27 at 4.17.10 PM\" loading=\"lazy\" role=\"img\" data-srcset=\"\"\/><\/figure><\/div>\n\n\n\n<div class=\"wp-block-uagb-container uagb-block-344f6f33\">\n<div class=\"wp-block-uagb-star-rating uagb-block-44b44de1\"><div class=\"uag-star-rating\" title=\"4.6\/5\"><span class=\"uag-star\">\u2605<\/span><span class=\"uag-star\">\u2605<\/span><span class=\"uag-star\">\u2605<\/span><span class=\"uag-star\">\u2605<\/span><span class=\"uag-star\">\u2605<\/span><\/div><\/div>\n\n\n\n<div class=\"wp-block-uagb-advanced-heading uagb-block-49f0e56c\"><p class=\"uagb-heading-text\">\u201cDaniel Olmedo es un fot\u00f3grafo excepcional que ofrece un magn\u00edfico servicio de fotograf\u00eda para sesiones en Canc\u00fan. Las fotos capturadas en diferentes momentos del d\u00eda han resultado estupendas, destacando su capacidad para aprovechar la luz natural y crear im\u00e1genes memorables. Somos testigos de la calidad de su trabajo y su compromiso con la excelencia en la fotograf\u00eda.\u201d<\/p><p class=\"uagb-desc-text\">LUIS G.<\/p><\/div>\n<\/div>\n<\/div><\/div>\n\n\n\n<div class=\"wp-block-uagb-container uagb-block-428a61e3 alignfull uagb-is-root-container\"><div class=\"uagb-container-inner-blocks-wrap\">\n<div class=\"wp-block-uagb-image alignleft uagb-block-732001b1 wp-block-uagb-image--layout-default wp-block-uagb-image--effect-static wp-block-uagb-image--align-left uag-hide-mob\"><figure class=\"wp-block-uagb-image__figure\"><img decoding=\"async\" srcset=\"\" sizes=\"auto, (max-width: 480px) 150px\" src=\"https:\/\/danielolmedophotographer.com\/wp-content\/uploads\/2024\/04\/Screen-Shot-2024-04-27-at-4.19.07-PM.png\" alt=\"\" class=\"uag-image-2345\" width=\"120\" height=\"120\" title=\"Screen Shot 2024-04-27 at 4.19.07 PM\" loading=\"lazy\" role=\"img\" data-srcset=\"\"\/><\/figure><\/div>\n\n\n\n<div class=\"wp-block-uagb-container uagb-block-7eab6fb3\">\n<div class=\"wp-block-uagb-star-rating uagb-block-922fcd61\"><div class=\"uag-star-rating\" title=\"4.8\/5\"><span class=\"uag-star\">\u2605<\/span><span class=\"uag-star\">\u2605<\/span><span class=\"uag-star\">\u2605<\/span><span class=\"uag-star\">\u2605<\/span><span class=\"uag-star\">\u2605<\/span><\/div><\/div>\n\n\n\n<div class=\"wp-block-uagb-advanced-heading uagb-block-92fbfa8c\"><p class=\"uagb-heading-text\">\u201cFuimos a Canc\u00fan para celebrar nuestro aniversario n\u00famero 19. No le dije a mi esposo, pero contact\u00e9 a Daniel Olmedo para una sesi\u00f3n. \u00a1Fue una sorpresa agradable y divertida! Nos divertimos mucho tomando las fotos. Incluso cuando nos llovi\u00f3. En nuestras fotos qued\u00f3 plasmado el hermoso lugar a donde nos llev\u00f3, pero sobre todo capt\u00f3 las emociones de ese d\u00eda.\u201d<\/p><p class=\"uagb-desc-text\">ELSY Y.<\/p><\/div>\n<\/div>\n<\/div><\/div>\n<\/div>\n\n\n\n<div class=\"wp-block-uagb-container uagb-block-2adab219\">\n<div class=\"wp-block-uagb-container uagb-block-2f6d298e alignfull uagb-is-root-container\"><div class=\"uagb-container-inner-blocks-wrap\">\n<div class=\"wp-block-uagb-image alignleft uagb-block-36adbaa1 wp-block-uagb-image--layout-default wp-block-uagb-image--effect-static wp-block-uagb-image--align-left uag-hide-mob\"><figure class=\"wp-block-uagb-image__figure\"><img decoding=\"async\" srcset=\"\" sizes=\"auto, (max-width: 480px) 150px\" src=\"https:\/\/danielolmedophotographer.com\/wp-content\/uploads\/2024\/04\/Screen-Shot-2024-04-27-at-4.21.17-PM.png\" alt=\"\" class=\"uag-image-2346\" width=\"120\" height=\"120\" title=\"Screen Shot 2024-04-27 at 4.21.17 PM\" loading=\"lazy\" role=\"img\" data-srcset=\"\"\/><\/figure><\/div>\n\n\n\n<div class=\"wp-block-uagb-container uagb-block-49cd069a\">\n<div class=\"wp-block-uagb-star-rating uagb-block-35078f7f\"><div class=\"uag-star-rating\" title=\"4.9\/5\"><span class=\"uag-star\">\u2605<\/span><span class=\"uag-star\">\u2605<\/span><span class=\"uag-star\">\u2605<\/span><span class=\"uag-star\">\u2605<\/span><span class=\"uag-star\">\u2605<\/span><\/div><\/div>\n\n\n\n<div class=\"wp-block-uagb-advanced-heading uagb-block-c0fa30d9\"><p class=\"uagb-heading-text\">\u201cRenovamos nuestros votos en Canc\u00fan y Daniel nos tom\u00f3 fotos y todo qued\u00f3 hermoso; Excelente servicio y fotos espectaculares. 100% recomendado\u201d<\/p><p class=\"uagb-desc-text\">LELIS P.<\/p><\/div>\n<\/div>\n<\/div><\/div>\n\n\n\n<div class=\"wp-block-uagb-container uagb-block-cb06bb54 alignfull uagb-is-root-container\"><div class=\"uagb-container-inner-blocks-wrap\">\n<div class=\"wp-block-uagb-image alignleft uagb-block-aac178e9 wp-block-uagb-image--layout-default wp-block-uagb-image--effect-static wp-block-uagb-image--align-left uag-hide-mob\"><figure class=\"wp-block-uagb-image__figure\"><img decoding=\"async\" srcset=\"\" sizes=\"auto, (max-width: 480px) 150px\" src=\"https:\/\/danielolmedophotographer.com\/wp-content\/uploads\/2024\/04\/Screen-Shot-2024-04-27-at-4.22.32-PM.png\" alt=\"\" class=\"uag-image-2347\" width=\"120\" height=\"120\" title=\"Screen Shot 2024-04-27 at 4.22.32 PM\" loading=\"lazy\" role=\"img\" data-srcset=\"\"\/><\/figure><\/div>\n\n\n\n<div class=\"wp-block-uagb-container uagb-block-3fc7ebbf\">\n<div class=\"wp-block-uagb-star-rating uagb-block-ef51e0be\"><div class=\"uag-star-rating\" title=\"4.6\/5\"><span class=\"uag-star\">\u2605<\/span><span class=\"uag-star\">\u2605<\/span><span class=\"uag-star\">\u2605<\/span><span class=\"uag-star\">\u2605<\/span><span class=\"uag-star\">\u2605<\/span><\/div><\/div>\n\n\n\n<div class=\"wp-block-uagb-advanced-heading uagb-block-9236d93f\"><p class=\"uagb-heading-text\">\u201cImpresionantes fotograf\u00edas capturaron uno de los mejores momentos de mi vida, cuidaron cada detalle para que fueran perfectas, la atenci\u00f3n y el servicio fue lo mejor!\u201d<\/p><p class=\"uagb-desc-text\">DANIELA A.<\/p><\/div>\n<\/div>\n<\/div><\/div>\n<\/div>\n\n\n\n<div class=\"wp-block-uagb-buttons uagb-buttons__outer-wrap uagb-btn__default-btn uagb-btn-tablet__default-btn uagb-btn-mobile__default-btn uagb-block-43c8ed74\"><div class=\"uagb-buttons__wrap uagb-buttons-layout-wrap\">\n<div class=\"wp-block-uagb-buttons-child uagb-buttons__outer-wrap uagb-block-a2f76060 wp-block-button\"><div class=\"uagb-button__wrapper\"><a class=\"uagb-buttons-repeater wp-block-button__link\" aria-label=\"\" href=\"https:\/\/www.bodas.com.mx\/fotografos-de-bodas\/daniel-olmedo-photographer--e215191\" rel=\"follow noopener\" target=\"_self\" role=\"button\"><div class=\"uagb-button__link\">LEER TODAS LAS OPINIONES<\/div><\/a><\/div><\/div>\n<\/div><\/div>\n<\/div>\n\n\n\n<div class=\"wp-block-uagb-container uagb-block-3f6fa5fb alignfull uagb-is-root-container\"><div class=\"uagb-container-inner-blocks-wrap\">\n<div class=\"wp-block-uagb-container uagb-block-bcf04133\">\n<div class=\"wp-block-uagb-info-box uagb-block-8f262253 uagb-infobox__content-wrap  uagb-infobox-icon-above-title uagb-infobox-image-valign-top\"><div class=\"uagb-ifb-content\"><div class=\"uagb-ifb-title-wrap\"><h2 class=\"uagb-ifb-title\">Solicitar cotizaci\u00f3n<\/h2><\/div><p class=\"uagb-ifb-desc\"><em>Cada imagen cuenta una historia. Deja que mi c\u00e1mara cuente la tuya.<\/em><\/p><div class=\"uagb-ifb-button-wrapper wp-block-button\"><a href=\"https:\/\/danielolmedophotographer.com\/es\/contact\/\" class=\"uagb-infobox-cta-link wp-block-button__link\" target=\"_self\" rel=\"noopener noreferrer\" onclick=\"return true;\"><span class=\"uagb-inline-editing\">Cont\u00e1ctame<\/span><\/a><\/div><\/div><\/div>\n<\/div>\n<\/div><\/div>","protected":false},"excerpt":{"rendered":"<p>real CLIENT testimonial \u201cDaniel is very professional, creative and punctual. And not to mention an excellent human being.&#8221; &#8211; PABLO G. locations I know the best locations in the Rivera maya Cancun Isla Mujeres Puerto Morelos Playa del Carmen Cozumel Tulum Testimonials What my clients Say About me \u201cDaniel Olmedo is an exceptional photographer who [&hellip;]<\/p>","protected":false},"author":1,"featured_media":0,"parent":0,"menu_order":0,"comment_status":"closed","ping_status":"closed","template":"","meta":{"_uag_custom_page_level_css":"","site-sidebar-layout":"no-sidebar","site-content-layout":"page-builder","ast-site-content-layout":"full-width-container","site-content-style":"unboxed","site-sidebar-style":"unboxed","ast-global-header-display":"","ast-banner-title-visibility":"","ast-main-header-display":"","ast-hfb-above-header-display":"","ast-hfb-below-header-display":"","ast-hfb-mobile-header-display":"","site-post-title":"disabled","ast-breadcrumbs-content":"","ast-featured-img":"disabled","footer-sml-layout":"","ast-disable-related-posts":"","theme-transparent-header-meta":"enabled","adv-header-id-meta":"","stick-header-meta":"","header-above-stick-meta":"","header-main-stick-meta":"","header-below-stick-meta":"","astra-migrate-meta-layouts":"set","ast-page-background-enabled":"default","ast-page-background-meta":{"desktop":{"background-color":"","background-image":"","background-repeat":"repeat","background-position":"center center","background-size":"auto","background-attachment":"scroll","background-type":"","background-media":"","overlay-type":"","overlay-color":"","overlay-opacity":"","overlay-gradient":""},"tablet":{"background-color":"","background-image":"","background-repeat":"repeat","background-position":"center center","background-size":"auto","background-attachment":"scroll","background-type":"","background-media":"","overlay-type":"","overlay-color":"","overlay-opacity":"","overlay-gradient":""},"mobile":{"background-color":"","background-image":"","background-repeat":"repeat","background-position":"center center","background-size":"auto","background-attachment":"scroll","background-type":"","background-media":"","overlay-type":"","overlay-color":"","overlay-opacity":"","overlay-gradient":""}},"ast-content-background-meta":{"desktop":{"background-color":"var(--ast-global-color-5)","background-image":"","background-repeat":"repeat","background-position":"center center","background-size":"auto","background-attachment":"scroll","background-type":"","background-media":"","overlay-type":"","overlay-color":"","overlay-opacity":"","overlay-gradient":""},"tablet":{"background-color":"var(--ast-global-color-5)","background-image":"","background-repeat":"repeat","background-position":"center center","background-size":"auto","background-attachment":"scroll","background-type":"","background-media":"","overlay-type":"","overlay-color":"","overlay-opacity":"","overlay-gradient":""},"mobile":{"background-color":"var(--ast-global-color-5)","background-image":"","background-repeat":"repeat","background-position":"center center","background-size":"auto","background-attachment":"scroll","background-type":"","background-media":"","overlay-type":"","overlay-color":"","overlay-opacity":"","overlay-gradient":""}},"footnotes":""},"class_list":["post-354","page","type-page","status-publish","hentry"],"aioseo_notices":[],"uagb_featured_image_src":{"full":false,"thumbnail":false,"medium":false,"medium_large":false,"large":false,"1536x1536":false,"2048x2048":false,"trp-custom-language-flag":false},"uagb_author_info":{"display_name":"danielolmedophotographer.com","author_link":"https:\/\/danielolmedophotographer.com\/es\/author\/danielolmedophotographer-com\/"},"uagb_comment_info":0,"uagb_excerpt":"real CLIENT testimonial \u201cDaniel is very professional, creative and punctual. And not to mention an excellent human being.&#8221; &#8211; PABLO G. locations I know the best locations in the Rivera maya Cancun Isla Mujeres Puerto Morelos Playa del Carmen Cozumel Tulum Testimonials What my clients Say About me \u201cDaniel Olmedo is an exceptional photographer who&hellip;","_links":{"self":[{"href":"https:\/\/danielolmedophotographer.com\/es\/wp-json\/wp\/v2\/pages\/354","targetHints":{"allow":["GET"]}}],"collection":[{"href":"https:\/\/danielolmedophotographer.com\/es\/wp-json\/wp\/v2\/pages"}],"about":[{"href":"https:\/\/danielolmedophotographer.com\/es\/wp-json\/wp\/v2\/types\/page"}],"author":[{"embeddable":true,"href":"https:\/\/danielolmedophotographer.com\/es\/wp-json\/wp\/v2\/users\/1"}],"replies":[{"embeddable":true,"href":"https:\/\/danielolmedophotographer.com\/es\/wp-json\/wp\/v2\/comments?post=354"}],"version-history":[{"count":70,"href":"https:\/\/danielolmedophotographer.com\/es\/wp-json\/wp\/v2\/pages\/354\/revisions"}],"predecessor-version":[{"id":12994,"href":"https:\/\/danielolmedophotographer.com\/es\/wp-json\/wp\/v2\/pages\/354\/revisions\/12994"}],"wp:attachment":[{"href":"https:\/\/danielolmedophotographer.com\/es\/wp-json\/wp\/v2\/media?parent=354"}],"curies":[{"name":"wp","href":"https:\/\/api.w.org\/{rel}","templated":true}]}}